{"id":4063,"date":"2022-03-31T14:23:15","date_gmt":"2022-03-31T14:23:15","guid":{"rendered":"https:\/\/joinforwater.ngo\/?page_id=4063"},"modified":"2022-06-02T14:16:01","modified_gmt":"2022-06-02T14:16:01","slug":"consommation-raisonnee","status":"publish","type":"page","link":"https:\/\/joinforwater.ngo\/fr\/ce-que-nous-faisons\/consommation-raisonnee\/","title":{"rendered":"Consommation raisonn\u00e9e"},"content":{"rendered":"<p><strong>Pour \u00e9viter d&rsquo;\u00e9puiser nos r\u00e9serves d&rsquo;eau douce, il est important de consommer de mani\u00e8re raisonn\u00e9e. C&rsquo;est pourquoi, avec nos partenaires belges, nous mettons fortement l&rsquo;accent sur la sensibilisation en vue de changer les comportements.\u00a0<\/strong><\/p>\n<p><span data-contrast=\"auto\">La pression sur nos r\u00e9serves d&rsquo;eau ne cesse de s&rsquo;accentuer et notre consommation exerce \u00e9galement une pression sur les sources d&rsquo;eau douce ailleurs dans le monde. Quelque 75\u202f% des produits que nous consommons sont import\u00e9s de l&rsquo;\u00e9tranger. Ainsi, nous importons \u00e9norm\u00e9ment d&rsquo;eau, parfois de r\u00e9gions touch\u00e9es par une p\u00e9nurie d&rsquo;eau ou dans lesquelles la population n&rsquo;a pas acc\u00e8s \u00e0 l&rsquo;eau potable.<\/span><span data-ccp-props=\"{}\">\u00a0<\/span><\/p>\n<p><span data-contrast=\"auto\">Des acteurs dans l&rsquo;enseignement, des organisations de la soci\u00e9t\u00e9 civile, des entreprises et des autorit\u00e9s locales se joignent \u00e0 nous pour sensibiliser les citoyens. Nous les motivons \u00e0 agir.<\/span><span data-ccp-props=\"{}\">\u00a0<\/span><\/p>\n<p>&nbsp;<\/p>\n<figure id=\"attachment_613\" aria-describedby=\"caption-attachment-613\" style=\"width: 2560px\" class=\"wp-caption alignnone\"><img loading=\"lazy\" decoding=\"async\" class=\"wp-image-613 size-full\" src=\"https:\/\/joinforwater.ngo\/wp-content\/uploads\/2022\/03\/5-Wat-we-doen-Bewust-consumeren-artikel-scaled.jpg\" alt=\"Kinderen houden een bord op met daarop 'Hoeveel water eet jij?'\" width=\"2560\" height=\"1707\" srcset=\"https:\/\/joinforwater.ngo\/wp-content\/uploads\/2022\/03\/5-Wat-we-doen-Bewust-consumeren-artikel-scaled.jpg 2560w, https:\/\/joinforwater.ngo\/wp-content\/uploads\/2022\/03\/5-Wat-we-doen-Bewust-consumeren-artikel-300x200.jpg 300w, https:\/\/joinforwater.ngo\/wp-content\/uploads\/2022\/03\/5-Wat-we-doen-Bewust-consumeren-artikel-1024x683.jpg 1024w, https:\/\/joinforwater.ngo\/wp-content\/uploads\/2022\/03\/5-Wat-we-doen-Bewust-consumeren-artikel-768x512.jpg 768w, https:\/\/joinforwater.ngo\/wp-content\/uploads\/2022\/03\/5-Wat-we-doen-Bewust-consumeren-artikel-1536x1024.jpg 1536w, https:\/\/joinforwater.ngo\/wp-content\/uploads\/2022\/03\/5-Wat-we-doen-Bewust-consumeren-artikel-2048x1365.jpg 2048w, https:\/\/joinforwater.ngo\/wp-content\/uploads\/2022\/03\/5-Wat-we-doen-Bewust-consumeren-artikel-1740x1160.jpg 1740w\" sizes=\"auto, (max-width: 2560px) 100vw, 2560px\" \/><figcaption id=\"caption-attachment-613\" class=\"wp-caption-text\">Des \u00e9coliers ont r\u00e9alis\u00e9 des affiches cr\u00e9atives et les ont emmen\u00e9es dans les rues lors de la Journ\u00e9e mondiale de l&rsquo;eau. (c) Dries Moorthamers<\/figcaption><\/figure>\n<p><span data-ccp-props=\"{&quot;335551550&quot;:2,&quot;335551620&quot;:2}\">\u00a0<\/span><\/p>\n<h2><b><span data-contrast=\"auto\">Que faisons-nous\u202f?<\/span><\/b><\/h2>\n<h2><span data-ccp-props=\"{}\">\u00a0<\/span><\/h2>\n<ul>\n<li data-leveltext=\"-\" data-font=\"Calibri\" data-listid=\"2\" data-list-defn-props=\"{&quot;335551671&quot;:10,&quot;335552541&quot;:1,&quot;335559684&quot;:-2,&quot;335559685&quot;:720,&quot;335559991&quot;:360,&quot;469769226&quot;:&quot;Calibri&quot;,&quot;469769242&quot;:[8226],&quot;469777803&quot;:&quot;left&quot;,&quot;469777804&quot;:&quot;-&quot;,&quot;469777815&quot;:&quot;hybridMultilevel&quot;}\" aria-setsize=\"-1\" data-aria-posinset=\"10\" data-aria-level=\"1\"><b><span data-contrast=\"auto\">Campagnes de sensibilisation pour une consommation d&rsquo;eau durable<\/span><\/b><span data-contrast=\"auto\"> \u00e0 destination d&rsquo;un large public, telles que le <\/span><a href=\"https:\/\/waterchallenge.be\/\"><span data-contrast=\"none\">Water Challenge<\/span><\/a><span data-contrast=\"auto\">.<\/span><span data-ccp-props=\"{}\">\u00a0<\/span><\/li>\n<li data-leveltext=\"-\" data-font=\"Calibri\" data-listid=\"2\" data-list-defn-props=\"{&quot;335551671&quot;:10,&quot;335552541&quot;:1,&quot;335559684&quot;:-2,&quot;335559685&quot;:720,&quot;335559991&quot;:360,&quot;469769226&quot;:&quot;Calibri&quot;,&quot;469769242&quot;:[8226],&quot;469777803&quot;:&quot;left&quot;,&quot;469777804&quot;:&quot;-&quot;,&quot;469777815&quot;:&quot;hybridMultilevel&quot;}\" aria-setsize=\"-1\" data-aria-posinset=\"10\" data-aria-level=\"1\"><b><span data-contrast=\"auto\">Parcours de 2 ans sur l&rsquo;eau dans les \u00e9coles<\/span><\/b><span data-contrast=\"auto\"> pour les enseignants et les directions.<\/span><span data-ccp-props=\"{}\">\u00a0<\/span><\/li>\n<li data-leveltext=\"-\" data-font=\"Calibri\" data-listid=\"2\" data-list-defn-props=\"{&quot;335551671&quot;:10,&quot;335552541&quot;:1,&quot;335559684&quot;:-2,&quot;335559685&quot;:720,&quot;335559991&quot;:360,&quot;469769226&quot;:&quot;Calibri&quot;,&quot;469769242&quot;:[8226],&quot;469777803&quot;:&quot;left&quot;,&quot;469777804&quot;:&quot;-&quot;,&quot;469777815&quot;:&quot;hybridMultilevel&quot;}\" aria-setsize=\"-1\" data-aria-posinset=\"10\" data-aria-level=\"1\"><b><span data-contrast=\"auto\">Une offre sur l&#8217;empreinte hydrique<\/span><\/b><span data-contrast=\"auto\"> pour les organisations de la soci\u00e9t\u00e9 civile et les autorit\u00e9s locales.<\/span><span data-ccp-props=\"{}\">\u00a0<\/span><\/li>\n<li data-leveltext=\"-\" data-font=\"Calibri\" data-listid=\"2\" data-list-defn-props=\"{&quot;335551671&quot;:10,&quot;335552541&quot;:1,&quot;335559684&quot;:-2,&quot;335559685&quot;:720,&quot;335559991&quot;:360,&quot;469769226&quot;:&quot;Calibri&quot;,&quot;469769242&quot;:[8226],&quot;469777803&quot;:&quot;left&quot;,&quot;469777804&quot;:&quot;-&quot;,&quot;469777815&quot;:&quot;hybridMultilevel&quot;}\" aria-setsize=\"-1\" data-aria-posinset=\"10\" data-aria-level=\"1\"><b><span data-contrast=\"auto\">Wereldwaterdag@school\u202f<\/span><\/b><span data-contrast=\"auto\">: un grand moment d\u00e9di\u00e9 \u00e0 la sensibilisation le 22 mars (Journ\u00e9e mondiale de l&rsquo;eau) avec une dimension mondiale, dans des centaines d&rsquo;\u00e9coles en Flandre.<\/span><span data-ccp-props=\"{}\">\u00a0<\/span><\/li>\n<li data-leveltext=\"-\" data-font=\"Calibri\" data-listid=\"2\" data-list-defn-props=\"{&quot;335551671&quot;:10,&quot;335552541&quot;:1,&quot;335559684&quot;:-2,&quot;335559685&quot;:720,&quot;335559991&quot;:360,&quot;469769226&quot;:&quot;Calibri&quot;,&quot;469769242&quot;:[8226],&quot;469777803&quot;:&quot;left&quot;,&quot;469777804&quot;:&quot;-&quot;,&quot;469777815&quot;:&quot;hybridMultilevel&quot;}\" aria-setsize=\"-1\" data-aria-posinset=\"10\" data-aria-level=\"1\"><span data-contrast=\"auto\">(\u2026)<\/span><span data-ccp-props=\"{}\">\u00a0<\/span><\/li>\n<\/ul>\n","protected":false},"excerpt":{"rendered":"<p>Pour \u00e9viter d&rsquo;\u00e9puiser nos r\u00e9serves d&rsquo;eau douce, il est important de consommer de mani\u00e8re raisonn\u00e9e. C&rsquo;est pourquoi, avec nos partenaires belges, nous mettons fortement l&rsquo;accent sur la sensibilisation en vue de changer les comportements.\u00a0 La pression sur nos r\u00e9serves d&rsquo;eau ne cesse de s&rsquo;accentuer et notre consommation exerce \u00e9galement une pression sur les sources d&rsquo;eau [&#8230;]<\/p>\n<p><a class=\"btn btn-secondary understrap-read-more-link\" href=\"https:\/\/joinforwater.ngo\/fr\/ce-que-nous-faisons\/consommation-raisonnee\/\">En lire plus&#8230;<\/a><\/p>\n","protected":false},"author":2,"featured_media":10517,"parent":4080,"menu_order":5,"comment_status":"closed","ping_status":"closed","template":"page-what-we-do.php","meta":{"_acf_changed":false,"inline_featured_image":false,"footnotes":""},"class_list":["post-4063","page","type-page","status-publish","has-post-thumbnail","hentry"],"acf":[],"_links":{"self":[{"href":"https:\/\/joinforwater.ngo\/fr\/wp-json\/wp\/v2\/pages\/4063","targetHints":{"allow":["GET"]}}],"collection":[{"href":"https:\/\/joinforwater.ngo\/fr\/wp-json\/wp\/v2\/pages"}],"about":[{"href":"https:\/\/joinforwater.ngo\/fr\/wp-json\/wp\/v2\/types\/page"}],"author":[{"embeddable":true,"href":"https:\/\/joinforwater.ngo\/fr\/wp-json\/wp\/v2\/users\/2"}],"replies":[{"embeddable":true,"href":"https:\/\/joinforwater.ngo\/fr\/wp-json\/wp\/v2\/comments?post=4063"}],"version-history":[{"count":0,"href":"https:\/\/joinforwater.ngo\/fr\/wp-json\/wp\/v2\/pages\/4063\/revisions"}],"up":[{"embeddable":true,"href":"https:\/\/joinforwater.ngo\/fr\/wp-json\/wp\/v2\/pages\/4080"}],"wp:featuredmedia":[{"embeddable":true,"href":"https:\/\/joinforwater.ngo\/fr\/wp-json\/wp\/v2\/media\/10517"}],"wp:attachment":[{"href":"https:\/\/joinforwater.ngo\/fr\/wp-json\/wp\/v2\/media?parent=4063"}],"curies":[{"name":"wp","href":"https:\/\/api.w.org\/{rel}","templated":true}]}}