{"id":18293,"date":"2025-06-05T20:33:04","date_gmt":"2025-06-05T20:33:04","guid":{"rendered":"https:\/\/joinforwater.ngo\/?page_id=18293"},"modified":"2025-09-10T16:29:05","modified_gmt":"2025-09-10T16:29:05","slug":"faites-un-don","status":"publish","type":"page","link":"https:\/\/joinforwater.ngo\/fr\/soutenir-en-tant-quentreprise\/faites-un-don\/","title":{"rendered":"Faites un don"},"content":{"rendered":"<p><b>L&rsquo;acc\u00e8s \u00e0 l&rsquo;eau potable et \u00e0 des toilettes propres devrait \u00eatre un droit pour chaque \u00eatre humain. Avec le soutien d&rsquo;entreprises, nous nous engageons \u00e0 y parvenir.<\/b><\/p>\n<p>Collaborez avec Join For Water. L&rsquo;id\u00e9al pour les entreprises qui souhaitent s&rsquo;engager pour la soci\u00e9t\u00e9 sans retour direct.<\/p>\n<p><b>Contribution minimale<\/b><\/p>\n<p>\u00c0 partir de 500 \u20ac par an<\/p>\n<p><a class=\"btn-link blue-button\" href=\"https:\/\/joinforwater.givingpage.org\/corporate-donation-fr\/\">Faites un don<\/a><\/p>\n<p><b>Caract\u00e9ristiques<\/b><\/p>\n<ul>\n<li>simple et rapide<\/li>\n<li>ponctuel ou annuel<\/li>\n<\/ul>\n<p>&nbsp;<\/p>\n","protected":false},"excerpt":{"rendered":"<p>L&rsquo;acc\u00e8s \u00e0 l&rsquo;eau potable et \u00e0 des toilettes propres devrait \u00eatre un droit pour chaque \u00eatre humain. Avec le soutien d&rsquo;entreprises, nous nous engageons \u00e0 y parvenir. Collaborez avec Join For Water. L&rsquo;id\u00e9al pour les entreprises qui souhaitent s&rsquo;engager pour la soci\u00e9t\u00e9 sans retour direct. Contribution minimale \u00c0 partir de 500 \u20ac par an Faites [&#8230;]<\/p>\n<p><a class=\"btn btn-secondary understrap-read-more-link\" href=\"https:\/\/joinforwater.ngo\/fr\/soutenir-en-tant-quentreprise\/faites-un-don\/\">En lire plus&#8230;<\/a><\/p>\n","protected":false},"author":2,"featured_media":17646,"parent":18270,"menu_order":5,"comment_status":"closed","ping_status":"closed","template":"","meta":{"_acf_changed":false,"inline_featured_image":false,"footnotes":""},"class_list":["post-18293","page","type-page","status-publish","has-post-thumbnail","hentry"],"acf":[],"_links":{"self":[{"href":"https:\/\/joinforwater.ngo\/fr\/wp-json\/wp\/v2\/pages\/18293","targetHints":{"allow":["GET"]}}],"collection":[{"href":"https:\/\/joinforwater.ngo\/fr\/wp-json\/wp\/v2\/pages"}],"about":[{"href":"https:\/\/joinforwater.ngo\/fr\/wp-json\/wp\/v2\/types\/page"}],"author":[{"embeddable":true,"href":"https:\/\/joinforwater.ngo\/fr\/wp-json\/wp\/v2\/users\/2"}],"replies":[{"embeddable":true,"href":"https:\/\/joinforwater.ngo\/fr\/wp-json\/wp\/v2\/comments?post=18293"}],"version-history":[{"count":0,"href":"https:\/\/joinforwater.ngo\/fr\/wp-json\/wp\/v2\/pages\/18293\/revisions"}],"up":[{"embeddable":true,"href":"https:\/\/joinforwater.ngo\/fr\/wp-json\/wp\/v2\/pages\/18270"}],"wp:featuredmedia":[{"embeddable":true,"href":"https:\/\/joinforwater.ngo\/fr\/wp-json\/wp\/v2\/media\/17646"}],"wp:attachment":[{"href":"https:\/\/joinforwater.ngo\/fr\/wp-json\/wp\/v2\/media?parent=18293"}],"curies":[{"name":"wp","href":"https:\/\/api.w.org\/{rel}","templated":true}]}}