{"id":18270,"date":"2025-07-02T08:29:33","date_gmt":"2025-07-02T08:29:33","guid":{"rendered":"https:\/\/joinforwater.ngo\/?page_id=18270"},"modified":"2026-03-27T14:51:57","modified_gmt":"2026-03-27T14:51:57","slug":"soutenir-en-tant-quentreprise","status":"publish","type":"page","link":"https:\/\/joinforwater.ngo\/fr\/soutenir-en-tant-quentreprise\/","title":{"rendered":"Soutenir en tant qu&rsquo;entreprise"},"content":{"rendered":"<h2><span style=\"font-size: 14pt;\">Contribuez \u00e0 un avenir o\u00f9 l&rsquo;eau est assur\u00e9e<\/span><\/h2>\n<p>Le changement climatique, la pollution et la consommation croissante mettent sous pression les ressources en eau dans le monde entier. La nature s&rsquo;ass\u00e8che et de nombreuses familles n&rsquo;ont pas acc\u00e8s \u00e0 l&rsquo;eau potable. Votre entreprise peut faire la diff\u00e9rence. Agissez et investissez dans des projets li\u00e9s \u00e0 l&rsquo;eau qui font avancer les hommes et la nature.<\/p>\n<h2><span style=\"font-size: 14pt;\">Une bonne cause avec un avantage fiscal<\/span><\/h2>\n<p>Associez-vous \u00e0 Join For Water et <b>contribuez aux ODD<\/b> tels que la lutte contre la pauvret\u00e9, l&rsquo;\u00e9ducation, la sant\u00e9 et l&rsquo;action pour le climat.<\/p>\n<ul>\n<li>\u00c9tayez votre <b>rapport de durabilit\u00e9<\/b> avec des actions concr\u00e8tes<\/li>\n<li>Renforcez votre <b>cr\u00e9dibilit\u00e9<\/b> aupr\u00e8s de vos parties prenantes<\/li>\n<li>Associez votre <b>strat\u00e9gie d&rsquo;impact<\/b> \u00e0 l&rsquo;eau, \u00e0 l&rsquo;humain et au climat<\/li>\n<li>B\u00e9n\u00e9ficiez d&rsquo;un <b>avantage fiscal<\/b> via l&rsquo;imp\u00f4t des soci\u00e9t\u00e9s.<a href=\"https:\/\/joinforwater.ngo\/fr\/faq\/ma-donation-dentreprise-est-elle-fiscalement-deductible\/\"> En savoir plus.<\/a><\/li>\n<\/ul>\n","protected":false},"excerpt":{"rendered":"<p>Contribuez \u00e0 un avenir o\u00f9 l&rsquo;eau est assur\u00e9e Le changement climatique, la pollution et la consommation croissante mettent sous pression les ressources en eau dans le monde entier. La nature s&rsquo;ass\u00e8che et de nombreuses familles n&rsquo;ont pas acc\u00e8s \u00e0 l&rsquo;eau potable. Votre entreprise peut faire la diff\u00e9rence. Agissez et investissez dans des projets li\u00e9s \u00e0 [&#8230;]<\/p>\n<p><a class=\"btn btn-secondary understrap-read-more-link\" href=\"https:\/\/joinforwater.ngo\/fr\/soutenir-en-tant-quentreprise\/\">En lire plus&#8230;<\/a><\/p>\n","protected":false},"author":2,"featured_media":18252,"parent":0,"menu_order":57,"comment_status":"closed","ping_status":"closed","template":"","meta":{"_acf_changed":false,"inline_featured_image":false,"footnotes":""},"class_list":["post-18270","page","type-page","status-publish","has-post-thumbnail","hentry"],"acf":[],"_links":{"self":[{"href":"https:\/\/joinforwater.ngo\/fr\/wp-json\/wp\/v2\/pages\/18270","targetHints":{"allow":["GET"]}}],"collection":[{"href":"https:\/\/joinforwater.ngo\/fr\/wp-json\/wp\/v2\/pages"}],"about":[{"href":"https:\/\/joinforwater.ngo\/fr\/wp-json\/wp\/v2\/types\/page"}],"author":[{"embeddable":true,"href":"https:\/\/joinforwater.ngo\/fr\/wp-json\/wp\/v2\/users\/2"}],"replies":[{"embeddable":true,"href":"https:\/\/joinforwater.ngo\/fr\/wp-json\/wp\/v2\/comments?post=18270"}],"version-history":[{"count":0,"href":"https:\/\/joinforwater.ngo\/fr\/wp-json\/wp\/v2\/pages\/18270\/revisions"}],"wp:featuredmedia":[{"embeddable":true,"href":"https:\/\/joinforwater.ngo\/fr\/wp-json\/wp\/v2\/media\/18252"}],"wp:attachment":[{"href":"https:\/\/joinforwater.ngo\/fr\/wp-json\/wp\/v2\/media?parent=18270"}],"curies":[{"name":"wp","href":"https:\/\/api.w.org\/{rel}","templated":true}]}}