{"id":7492,"date":"2022-05-06T14:03:44","date_gmt":"2022-05-06T14:03:44","guid":{"rendered":"https:\/\/joinforwater.ngo\/?page_id=7492"},"modified":"2022-08-08T11:29:35","modified_gmt":"2022-08-08T11:29:35","slug":"belgica","status":"publish","type":"page","link":"https:\/\/joinforwater.ngo\/es\/donde-operamos\/belgica\/","title":{"rendered":"B\u00e9lgica"},"content":{"rendered":"<p>B\u00e9lgica es un pa\u00eds relativamente plano. La mayor parte del paisaje no supera los 200 m de altitud. Hay grandes r\u00edos que atraviesan el pa\u00eds, como el Maas y el Escalda, y llueve bastante. Por lo tanto, hay bastante agua disponible. Pero B\u00e9lgica es peque\u00f1a (30.688 km\u00b2) y est\u00e1 densamente poblada: a 1 de enero de 2022, viv\u00edan en B\u00e9lgica 11.569.034 personas, de las cuales 6.692.989 viv\u00edan en Flandes. La densidad de poblaci\u00f3n en B\u00e9lgica es de 375 habitantes por km\u00b2, para la Regi\u00f3n de Flandes es de 488 habitantes\/km\u00b2.<\/p>\n<p>Adem\u00e1s, el nivel de vida es alto, lo que significa que el modelo de consumo ejerce presi\u00f3n sobre el medio ambiente en el pa\u00eds y en el resto del mundo. Adem\u00e1s, se utiliza mucha agua. Por ello, B\u00e9lgica -en contra de lo que muchos piensan- tiene que hacer frente al estr\u00e9s h\u00eddrico.<\/p>\n","protected":false},"excerpt":{"rendered":"<p>B\u00e9lgica es un pa\u00eds relativamente plano. La mayor parte del paisaje no supera los 200 m de altitud. Hay grandes r\u00edos que atraviesan el pa\u00eds, como el Maas y el Escalda, y llueve bastante. Por lo tanto, hay bastante agua disponible. Pero B\u00e9lgica es peque\u00f1a (30.688 km\u00b2) y est\u00e1 densamente poblada: a 1 de enero [&#8230;]<\/p>\n<p><a class=\"btn btn-secondary understrap-read-more-link\" href=\"https:\/\/joinforwater.ngo\/es\/donde-operamos\/belgica\/\">Lee mas&#8230;<\/a><\/p>\n","protected":false},"author":2,"featured_media":15824,"parent":4077,"menu_order":0,"comment_status":"closed","ping_status":"closed","template":"page-land.php","meta":{"_acf_changed":false,"inline_featured_image":false,"footnotes":""},"class_list":["post-7492","page","type-page","status-publish","has-post-thumbnail","hentry"],"acf":[],"_links":{"self":[{"href":"https:\/\/joinforwater.ngo\/es\/wp-json\/wp\/v2\/pages\/7492","targetHints":{"allow":["GET"]}}],"collection":[{"href":"https:\/\/joinforwater.ngo\/es\/wp-json\/wp\/v2\/pages"}],"about":[{"href":"https:\/\/joinforwater.ngo\/es\/wp-json\/wp\/v2\/types\/page"}],"author":[{"embeddable":true,"href":"https:\/\/joinforwater.ngo\/es\/wp-json\/wp\/v2\/users\/2"}],"replies":[{"embeddable":true,"href":"https:\/\/joinforwater.ngo\/es\/wp-json\/wp\/v2\/comments?post=7492"}],"version-history":[{"count":0,"href":"https:\/\/joinforwater.ngo\/es\/wp-json\/wp\/v2\/pages\/7492\/revisions"}],"up":[{"embeddable":true,"href":"https:\/\/joinforwater.ngo\/es\/wp-json\/wp\/v2\/pages\/4077"}],"wp:featuredmedia":[{"embeddable":true,"href":"https:\/\/joinforwater.ngo\/es\/wp-json\/wp\/v2\/media\/15824"}],"wp:attachment":[{"href":"https:\/\/joinforwater.ngo\/es\/wp-json\/wp\/v2\/media?parent=7492"}],"curies":[{"name":"wp","href":"https:\/\/api.w.org\/{rel}","templated":true}]}}