{"id":3978,"date":"2022-03-31T14:02:42","date_gmt":"2022-03-31T14:02:42","guid":{"rendered":"https:\/\/joinforwater.ngo\/?page_id=3978"},"modified":"2022-05-11T13:56:11","modified_gmt":"2022-05-11T13:56:11","slug":"accion-climatica","status":"publish","type":"page","link":"https:\/\/joinforwater.ngo\/es\/que-hacemos\/accion-climatica\/","title":{"rendered":"Acci\u00f3n clim\u00e1tica"},"content":{"rendered":"<p><strong>Mitigamos las consecuencias negativas del cambio clim\u00e1tico con respecto al acceso al agua. Para ello, protegemos los ecosistemas que influyen en la disponibilidad del agua, no solo a nivel local, sino tambi\u00e9n global.\u00a0<\/strong><\/p>\n<p><span data-contrast=\"auto\">Los \u00e1rboles evaporan agua, por lo que las selvas tropicales trasfieren una enorme cantidad de agua al aire, que luego cae en otros lugares en forma de lluvia. La deforestaci\u00f3n provoca una desecaci\u00f3n local del suelo y altera el ciclo del agua en otros lugares. La desaparici\u00f3n de un trozo de selva en el Congo, por ejemplo, puede hacer que en el oeste de \u00c1frica llueva menos.<\/span><span data-ccp-props=\"{}\">\u00a0<\/span><\/p>\n<p><span data-contrast=\"auto\">Los ecosistemas como los pantanos tambi\u00e9n influyen en el ciclo del agua y el clima. Enfr\u00edan el entorno, proporcionan espacio de inundaci\u00f3n y retienen una enorme cantidad de gases de efecto invernadero. Si drenamos estos ecosistemas ricos en agua, tambi\u00e9n liberamos estos gases de efecto invernadero<\/span>.<\/p>\n<p>&nbsp;<\/p>\n<figure id=\"attachment_596\" aria-describedby=\"caption-attachment-596\" style=\"width: 2560px\" class=\"wp-caption alignnone\"><img loading=\"lazy\" decoding=\"async\" class=\"wp-image-596 size-full\" src=\"https:\/\/joinforwater.ngo\/wp-content\/uploads\/2022\/03\/5-Wat-we-doen-Klimaatactie-artikel-ecuador-cuencas.jpeg\" alt=\"jonge boompjes worden uit vrachtwagen gehaald voor herbebossing\" width=\"2560\" height=\"1440\" srcset=\"https:\/\/joinforwater.ngo\/wp-content\/uploads\/2022\/03\/5-Wat-we-doen-Klimaatactie-artikel-ecuador-cuencas.jpeg 2560w, https:\/\/joinforwater.ngo\/wp-content\/uploads\/2022\/03\/5-Wat-we-doen-Klimaatactie-artikel-ecuador-cuencas-300x169.jpeg 300w, https:\/\/joinforwater.ngo\/wp-content\/uploads\/2022\/03\/5-Wat-we-doen-Klimaatactie-artikel-ecuador-cuencas-1024x576.jpeg 1024w, https:\/\/joinforwater.ngo\/wp-content\/uploads\/2022\/03\/5-Wat-we-doen-Klimaatactie-artikel-ecuador-cuencas-768x432.jpeg 768w, https:\/\/joinforwater.ngo\/wp-content\/uploads\/2022\/03\/5-Wat-we-doen-Klimaatactie-artikel-ecuador-cuencas-1536x864.jpeg 1536w, https:\/\/joinforwater.ngo\/wp-content\/uploads\/2022\/03\/5-Wat-we-doen-Klimaatactie-artikel-ecuador-cuencas-2048x1152.jpeg 2048w, https:\/\/joinforwater.ngo\/wp-content\/uploads\/2022\/03\/5-Wat-we-doen-Klimaatactie-artikel-ecuador-cuencas-1980x1114.jpeg 1980w\" sizes=\"auto, (max-width: 2560px) 100vw, 2560px\" \/><figcaption id=\"caption-attachment-596\" class=\"wp-caption-text\">Los \u00e1rboles j\u00f3venes se retiran de un cami\u00f3n para un proyecto de reforestaci\u00f3n. (c) Join For Water<\/figcaption><\/figure>\n<p>&nbsp;<\/p>\n<h2><b><span data-contrast=\"auto\">\u00bfQu\u00e9 hacemos?<\/span><\/b><span data-ccp-props=\"{}\">\u00a0<\/span><\/h2>\n<p>&nbsp;<\/p>\n<ul>\n<li data-leveltext=\"-\" data-font=\"Calibri\" data-listid=\"2\" data-list-defn-props=\"{&quot;335551671&quot;:10,&quot;335552541&quot;:1,&quot;335559684&quot;:-2,&quot;335559685&quot;:720,&quot;335559991&quot;:360,&quot;469769226&quot;:&quot;Calibri&quot;,&quot;469769242&quot;:[8226],&quot;469777803&quot;:&quot;left&quot;,&quot;469777804&quot;:&quot;-&quot;,&quot;469777815&quot;:&quot;hybridMultilevel&quot;}\" aria-setsize=\"-1\" data-aria-posinset=\"10\" data-aria-level=\"1\"><strong>Protecci\u00f3n de las selvas tropicales y el p\u00e1ramo andino (un ecosistema considerado como una esponja natural)<\/strong><span data-contrast=\"auto\"> fomentando la agricultura sostenible y las fuentes de ingresos alternativas;<\/span><span data-ccp-props=\"{}\">\u00a0<\/span><\/li>\n<li data-leveltext=\"-\" data-font=\"Calibri\" data-listid=\"2\" data-list-defn-props=\"{&quot;335551671&quot;:10,&quot;335552541&quot;:1,&quot;335559684&quot;:-2,&quot;335559685&quot;:720,&quot;335559991&quot;:360,&quot;469769226&quot;:&quot;Calibri&quot;,&quot;469769242&quot;:[8226],&quot;469777803&quot;:&quot;left&quot;,&quot;469777804&quot;:&quot;-&quot;,&quot;469777815&quot;:&quot;hybridMultilevel&quot;}\" aria-setsize=\"-1\" data-aria-posinset=\"10\" data-aria-level=\"1\"><strong>Adaptaci\u00f3n al cambio clim\u00e1tico con ayuda de la naturaleza<\/strong><span data-contrast=\"auto\">: los manglares, humedales y pantanos protegen a las comunidades de las inundaciones;<\/span><span data-ccp-props=\"{}\">\u00a0<\/span><\/li>\n<li data-leveltext=\"-\" data-font=\"Calibri\" data-listid=\"2\" data-list-defn-props=\"{&quot;335551671&quot;:10,&quot;335552541&quot;:1,&quot;335559684&quot;:-2,&quot;335559685&quot;:720,&quot;335559991&quot;:360,&quot;469769226&quot;:&quot;Calibri&quot;,&quot;469769242&quot;:[8226],&quot;469777803&quot;:&quot;left&quot;,&quot;469777804&quot;:&quot;-&quot;,&quot;469777815&quot;:&quot;hybridMultilevel&quot;}\" aria-setsize=\"-1\" data-aria-posinset=\"10\" data-aria-level=\"1\"><strong>Reverdecimiento de ciudades<\/strong><span data-contrast=\"auto\">, para enfriar mejor las ciudades y que el agua pueda infiltrarse en el suelo;<\/span><span data-ccp-props=\"{}\">\u00a0<\/span><\/li>\n<li data-leveltext=\"-\" data-font=\"Calibri\" data-listid=\"2\" data-list-defn-props=\"{&quot;335551671&quot;:10,&quot;335552541&quot;:1,&quot;335559684&quot;:-2,&quot;335559685&quot;:720,&quot;335559991&quot;:360,&quot;469769226&quot;:&quot;Calibri&quot;,&quot;469769242&quot;:[8226],&quot;469777803&quot;:&quot;left&quot;,&quot;469777804&quot;:&quot;-&quot;,&quot;469777815&quot;:&quot;hybridMultilevel&quot;}\" aria-setsize=\"-1\" data-aria-posinset=\"10\" data-aria-level=\"1\"><span data-contrast=\"auto\">(\u2026)<\/span><span data-ccp-props=\"{}\">\u00a0<\/span><\/li>\n<\/ul>\n","protected":false},"excerpt":{"rendered":"<p>Mitigamos las consecuencias negativas del cambio clim\u00e1tico con respecto al acceso al agua. Para ello, protegemos los ecosistemas que influyen en la disponibilidad del agua, no solo a nivel local, sino tambi\u00e9n global.\u00a0 Los \u00e1rboles evaporan agua, por lo que las selvas tropicales trasfieren una enorme cantidad de agua al aire, que luego cae en [&#8230;]<\/p>\n<p><a class=\"btn btn-secondary understrap-read-more-link\" href=\"https:\/\/joinforwater.ngo\/es\/que-hacemos\/accion-climatica\/\">Lee mas&#8230;<\/a><\/p>\n","protected":false},"author":2,"featured_media":3482,"parent":4083,"menu_order":2,"comment_status":"closed","ping_status":"closed","template":"page-what-we-do.php","meta":{"_acf_changed":false,"inline_featured_image":false,"footnotes":""},"class_list":["post-3978","page","type-page","status-publish","has-post-thumbnail","hentry"],"acf":[],"_links":{"self":[{"href":"https:\/\/joinforwater.ngo\/es\/wp-json\/wp\/v2\/pages\/3978","targetHints":{"allow":["GET"]}}],"collection":[{"href":"https:\/\/joinforwater.ngo\/es\/wp-json\/wp\/v2\/pages"}],"about":[{"href":"https:\/\/joinforwater.ngo\/es\/wp-json\/wp\/v2\/types\/page"}],"author":[{"embeddable":true,"href":"https:\/\/joinforwater.ngo\/es\/wp-json\/wp\/v2\/users\/2"}],"replies":[{"embeddable":true,"href":"https:\/\/joinforwater.ngo\/es\/wp-json\/wp\/v2\/comments?post=3978"}],"version-history":[{"count":0,"href":"https:\/\/joinforwater.ngo\/es\/wp-json\/wp\/v2\/pages\/3978\/revisions"}],"up":[{"embeddable":true,"href":"https:\/\/joinforwater.ngo\/es\/wp-json\/wp\/v2\/pages\/4083"}],"wp:featuredmedia":[{"embeddable":true,"href":"https:\/\/joinforwater.ngo\/es\/wp-json\/wp\/v2\/media\/3482"}],"wp:attachment":[{"href":"https:\/\/joinforwater.ngo\/es\/wp-json\/wp\/v2\/media?parent=3978"}],"curies":[{"name":"wp","href":"https:\/\/api.w.org\/{rel}","templated":true}]}}